{"id":140,"date":"2022-12-15T20:05:29","date_gmt":"2022-12-15T20:05:29","guid":{"rendered":"https:\/\/alianzasur.org\/?page_id=140"},"modified":"2022-12-15T20:05:30","modified_gmt":"2022-12-15T20:05:30","slug":"sobre-nosotros","status":"publish","type":"page","link":"https:\/\/alianzasur.org\/index.php\/sobre-nosotros\/","title":{"rendered":"Sobre Nosotros."},"content":{"rendered":"\n<p><strong>ALIANZA SUR PARA LA COOPERACION Y EL DESARROLLO.<\/strong><\/p>\n\n\n\n<p>A finales del a\u00f1o 2008, entre los cafes y las bohemias calles de la ciudad de Tunja, se comienza una discusion entre dos muy buenos amigos, sobre las necesidades de la sociedad y la importancia de una ayuda pertinente a las distintas poblaciones.<\/p>\n\n\n\n<p>En el a\u00f1o 2009, estos dos personajes, se presentan al concurso IDEAS, para implementar energ\u00edas renovables en Tunja; en dicho concurso, la propuesta presentada quedo seleccionada como una de la 70 mejores propuestas entre 1200 de todo latinoamerica. Esto hace que en el 2010, se genere una investigaci\u00f3n acerca del funcionamiento de las ONG\u00b4s en el mundo.<\/p>\n\n\n\n<p>Durante el a\u00f1o 2011 se convocan a una serie de amigos e intelectuales de distintas \u00e1reas del conocimiento, con elevados niveles de especializaci\u00f3n en distintos temas, para discutir sobre las distintas necesidades sociales, llegando as\u00ed a determinar estrategias que fueron base de la intervenci\u00f3n generada para ese entonces.<\/p>\n\n\n\n<p>En ese mismo a\u00f1o 2011 la Corporaci\u00f3n Practicas Modernas, establece un equipo de trabajo, de 7 personas, as\u00ed como de distintas profesiones. Por otra parte la Fundaci\u00f3n Hoy Tambi\u00e9n Quiero, se hab\u00eda establecido en Tunja desde el a\u00f1o 2009, con un equipo estable de trabajo.<\/p>\n\n\n\n<p>Teniendo en cuenta la afinidad social de estas dos entidades, se decide desarrollar un proceso de fusi\u00f3n institucional en el a\u00f1o 2012, donde la suma de las dos entidades permiti\u00f3 establecer una ampliaci\u00f3n de cobertura de la poblaci\u00f3n beneficiada as\u00ed como estabilizar financieramente la entidad, cre\u00e1ndose la ALIANZA SUR PARA LA COOPERACI\u00d3N Y EL DESARROLLO, la cual es una entidad con mas de 18 proyectos ejecutados; as\u00ed como se consolida como la mejor estrategia de participaci\u00f3n social en distintos niveles administrativos de la sociedad.<\/p>\n\n\n\n<figure class=\"wp-block-image size-full\"><img loading=\"lazy\" decoding=\"async\" width=\"429\" height=\"573\" src=\"https:\/\/alianzasur.org\/wp-content\/uploads\/2022\/12\/dos-entidades-historia.jpg\" alt=\"\" class=\"wp-image-141\" srcset=\"https:\/\/alianzasur.org\/wp-content\/uploads\/2022\/12\/dos-entidades-historia.jpg 429w, https:\/\/alianzasur.org\/wp-content\/uploads\/2022\/12\/dos-entidades-historia-225x300.jpg 225w\" sizes=\"auto, (max-width: 429px) 100vw, 429px\" \/><\/figure>\n\n\n\n<p><\/p>\n","protected":false},"excerpt":{"rendered":"<p>ALIANZA SUR PARA LA COOPERACION Y EL DESARROLLO. A finales del a\u00f1o 2008, entre los cafes y las bohemias calles de la ciudad de Tunja, se comienza una discusion entre dos muy buenos amigos, sobre las necesidades de la sociedad y la importancia de una ayuda pertinente a las distintas poblaciones. En el a\u00f1o 2009, [&hellip;]<\/p>\n","protected":false},"author":1,"featured_media":0,"parent":0,"menu_order":0,"comment_status":"closed","ping_status":"closed","template":"","meta":{"footnotes":""},"class_list":["post-140","page","type-page","status-publish","hentry"],"aioseo_notices":[],"_links":{"self":[{"href":"https:\/\/alianzasur.org\/index.php\/wp-json\/wp\/v2\/pages\/140","targetHints":{"allow":["GET"]}}],"collection":[{"href":"https:\/\/alianzasur.org\/index.php\/wp-json\/wp\/v2\/pages"}],"about":[{"href":"https:\/\/alianzasur.org\/index.php\/wp-json\/wp\/v2\/types\/page"}],"author":[{"embeddable":true,"href":"https:\/\/alianzasur.org\/index.php\/wp-json\/wp\/v2\/users\/1"}],"replies":[{"embeddable":true,"href":"https:\/\/alianzasur.org\/index.php\/wp-json\/wp\/v2\/comments?post=140"}],"version-history":[{"count":1,"href":"https:\/\/alianzasur.org\/index.php\/wp-json\/wp\/v2\/pages\/140\/revisions"}],"predecessor-version":[{"id":142,"href":"https:\/\/alianzasur.org\/index.php\/wp-json\/wp\/v2\/pages\/140\/revisions\/142"}],"wp:attachment":[{"href":"https:\/\/alianzasur.org\/index.php\/wp-json\/wp\/v2\/media?parent=140"}],"curies":[{"name":"wp","href":"https:\/\/api.w.org\/{rel}","templated":true}]}}