{"id":157,"date":"2022-12-20T17:12:52","date_gmt":"2022-12-20T17:12:52","guid":{"rendered":"https:\/\/alianzasur.org\/?page_id=157"},"modified":"2022-12-20T17:12:52","modified_gmt":"2022-12-20T17:12:52","slug":"exposicion-5-01","status":"publish","type":"page","link":"https:\/\/alianzasur.org\/index.php\/exposicion-5-01\/","title":{"rendered":"Exposici\u00f3n 5-01"},"content":{"rendered":"\n<figure class=\"wp-block-embed is-type-video is-provider-youtube wp-block-embed-youtube wp-embed-aspect-16-9 wp-has-aspect-ratio\"><div class=\"wp-block-embed__wrapper\">\n<iframe loading=\"lazy\" title=\"Exposici\u00f3n 5-01 - Socializacion 2013\" width=\"500\" height=\"281\" src=\"https:\/\/www.youtube.com\/embed\/NaricbbEl84?feature=oembed\" frameborder=\"0\" allow=\"accelerometer; autoplay; clipboard-write; encrypted-media; gyroscope; picture-in-picture; web-share\" referrerpolicy=\"strict-origin-when-cross-origin\" allowfullscreen><\/iframe>\n<\/div><\/figure>\n\n\n\n<p>La Exposici\u00f3n 5-01 consiste en mostrar 52 obras de arte en lugares p\u00fablicos y escenarios educativos, en los cuales los ni\u00f1os, ni\u00f1as, j\u00f3venes y adultos van a tener la oportunidad de encontrarse con actividades l\u00fadicas y art\u00edsticas utilizando la t\u00e9cnica del Action Paint; estos prop\u00f3sitos se estructuran a partir de un taller que girar\u00e1 en torno a una modalidad art\u00edstica, interactiva pues de manera secuenciada las personas se hacen participes de crear y re-crear su propia cultura desde la intervenci\u00f3n en base a una obra art\u00edstica, reconociendo as\u00ed las distintas cosas con las que est\u00e1n o no de acuerdo. <\/p>\n\n\n\n<p><\/p>\n\n\n\n<p>Proyecto Gestionado por: Alianza Sur para la cooperaci\u00f3n y el desarrollo.<br><br><\/p>\n\n\n\n<hr class=\"wp-block-separator has-alpha-channel-opacity\"\/>\n\n\n\n<figure class=\"wp-block-gallery has-nested-images columns-default is-cropped wp-block-gallery-1 is-layout-flex wp-block-gallery-is-layout-flex\">\n<figure class=\"wp-block-image size-large\"><img loading=\"lazy\" decoding=\"async\" width=\"314\" height=\"210\" data-id=\"166\" src=\"https:\/\/alianzasur.org\/wp-content\/uploads\/2022\/12\/DSC_0071-rotated.jpg\" alt=\"\" class=\"wp-image-166\" srcset=\"https:\/\/alianzasur.org\/wp-content\/uploads\/2022\/12\/DSC_0071-rotated.jpg 314w, https:\/\/alianzasur.org\/wp-content\/uploads\/2022\/12\/DSC_0071-300x201.jpg 300w, https:\/\/alianzasur.org\/wp-content\/uploads\/2022\/12\/DSC_0071-90x60.jpg 90w\" sizes=\"auto, (max-width: 314px) 100vw, 314px\" \/><figcaption class=\"wp-element-caption\">????????????????????????????????????<\/figcaption><\/figure>\n\n\n\n<figure class=\"wp-block-image size-large\"><img loading=\"lazy\" decoding=\"async\" width=\"314\" height=\"210\" data-id=\"164\" src=\"https:\/\/alianzasur.org\/wp-content\/uploads\/2022\/12\/DSC_0074.jpg\" alt=\"\" class=\"wp-image-164\" srcset=\"https:\/\/alianzasur.org\/wp-content\/uploads\/2022\/12\/DSC_0074.jpg 314w, https:\/\/alianzasur.org\/wp-content\/uploads\/2022\/12\/DSC_0074-300x201.jpg 300w, https:\/\/alianzasur.org\/wp-content\/uploads\/2022\/12\/DSC_0074-90x60.jpg 90w\" sizes=\"auto, (max-width: 314px) 100vw, 314px\" \/><figcaption class=\"wp-element-caption\">????????????????????????????????????<\/figcaption><\/figure>\n\n\n\n<figure class=\"wp-block-image size-large\"><img loading=\"lazy\" decoding=\"async\" width=\"314\" height=\"210\" data-id=\"165\" src=\"https:\/\/alianzasur.org\/wp-content\/uploads\/2022\/12\/DSC_0176.jpg\" alt=\"\" class=\"wp-image-165\" srcset=\"https:\/\/alianzasur.org\/wp-content\/uploads\/2022\/12\/DSC_0176.jpg 314w, https:\/\/alianzasur.org\/wp-content\/uploads\/2022\/12\/DSC_0176-300x201.jpg 300w, https:\/\/alianzasur.org\/wp-content\/uploads\/2022\/12\/DSC_0176-90x60.jpg 90w\" sizes=\"auto, (max-width: 314px) 100vw, 314px\" \/><figcaption class=\"wp-element-caption\">????????????????????????????????????<\/figcaption><\/figure>\n\n\n\n<figure class=\"wp-block-image size-large\"><img loading=\"lazy\" decoding=\"async\" width=\"314\" height=\"235\" data-id=\"158\" src=\"https:\/\/alianzasur.org\/wp-content\/uploads\/2022\/12\/SAM_0004.jpg\" alt=\"\" class=\"wp-image-158\" srcset=\"https:\/\/alianzasur.org\/wp-content\/uploads\/2022\/12\/SAM_0004.jpg 314w, https:\/\/alianzasur.org\/wp-content\/uploads\/2022\/12\/SAM_0004-300x225.jpg 300w\" sizes=\"auto, (max-width: 314px) 100vw, 314px\" \/><\/figure>\n\n\n\n<figure class=\"wp-block-image size-large\"><img loading=\"lazy\" decoding=\"async\" width=\"235\" height=\"314\" data-id=\"162\" src=\"https:\/\/alianzasur.org\/wp-content\/uploads\/2022\/12\/SAM_0007.jpg\" alt=\"\" class=\"wp-image-162\" srcset=\"https:\/\/alianzasur.org\/wp-content\/uploads\/2022\/12\/SAM_0007.jpg 235w, https:\/\/alianzasur.org\/wp-content\/uploads\/2022\/12\/SAM_0007-225x300.jpg 225w\" sizes=\"auto, (max-width: 235px) 100vw, 235px\" \/><\/figure>\n\n\n\n<figure class=\"wp-block-image size-large\"><img loading=\"lazy\" decoding=\"async\" width=\"235\" height=\"314\" data-id=\"159\" src=\"https:\/\/alianzasur.org\/wp-content\/uploads\/2022\/12\/SAM_0011.jpg\" alt=\"\" class=\"wp-image-159\" srcset=\"https:\/\/alianzasur.org\/wp-content\/uploads\/2022\/12\/SAM_0011.jpg 235w, https:\/\/alianzasur.org\/wp-content\/uploads\/2022\/12\/SAM_0011-225x300.jpg 225w\" sizes=\"auto, (max-width: 235px) 100vw, 235px\" \/><\/figure>\n\n\n\n<figure class=\"wp-block-image size-large\"><img loading=\"lazy\" decoding=\"async\" width=\"314\" height=\"235\" data-id=\"161\" src=\"https:\/\/alianzasur.org\/wp-content\/uploads\/2022\/12\/SAM_0046.jpg\" alt=\"\" class=\"wp-image-161\" srcset=\"https:\/\/alianzasur.org\/wp-content\/uploads\/2022\/12\/SAM_0046.jpg 314w, https:\/\/alianzasur.org\/wp-content\/uploads\/2022\/12\/SAM_0046-300x225.jpg 300w\" sizes=\"auto, (max-width: 314px) 100vw, 314px\" \/><\/figure>\n\n\n\n<figure class=\"wp-block-image size-large\"><img loading=\"lazy\" decoding=\"async\" width=\"235\" height=\"314\" data-id=\"160\" src=\"https:\/\/alianzasur.org\/wp-content\/uploads\/2022\/12\/SAM_0062.jpg\" alt=\"\" class=\"wp-image-160\" srcset=\"https:\/\/alianzasur.org\/wp-content\/uploads\/2022\/12\/SAM_0062.jpg 235w, https:\/\/alianzasur.org\/wp-content\/uploads\/2022\/12\/SAM_0062-225x300.jpg 225w\" sizes=\"auto, (max-width: 235px) 100vw, 235px\" \/><\/figure>\n\n\n\n<figure class=\"wp-block-image size-large\"><img loading=\"lazy\" decoding=\"async\" width=\"314\" height=\"235\" data-id=\"163\" src=\"https:\/\/alianzasur.org\/wp-content\/uploads\/2022\/12\/SAM_0076.jpg\" alt=\"\" class=\"wp-image-163\" srcset=\"https:\/\/alianzasur.org\/wp-content\/uploads\/2022\/12\/SAM_0076.jpg 314w, https:\/\/alianzasur.org\/wp-content\/uploads\/2022\/12\/SAM_0076-300x225.jpg 300w\" sizes=\"auto, (max-width: 314px) 100vw, 314px\" \/><\/figure>\n<\/figure>\n","protected":false},"excerpt":{"rendered":"<p>La Exposici\u00f3n 5-01 consiste en mostrar 52 obras de arte en lugares p\u00fablicos y escenarios educativos, en los cuales los ni\u00f1os, ni\u00f1as, j\u00f3venes y adultos van a tener la oportunidad de encontrarse con actividades l\u00fadicas y art\u00edsticas utilizando la t\u00e9cnica del Action Paint; estos prop\u00f3sitos se estructuran a partir de un taller que girar\u00e1 en [&hellip;]<\/p>\n","protected":false},"author":1,"featured_media":0,"parent":0,"menu_order":0,"comment_status":"closed","ping_status":"closed","template":"","meta":{"footnotes":""},"class_list":["post-157","page","type-page","status-publish","hentry"],"aioseo_notices":[],"_links":{"self":[{"href":"https:\/\/alianzasur.org\/index.php\/wp-json\/wp\/v2\/pages\/157","targetHints":{"allow":["GET"]}}],"collection":[{"href":"https:\/\/alianzasur.org\/index.php\/wp-json\/wp\/v2\/pages"}],"about":[{"href":"https:\/\/alianzasur.org\/index.php\/wp-json\/wp\/v2\/types\/page"}],"author":[{"embeddable":true,"href":"https:\/\/alianzasur.org\/index.php\/wp-json\/wp\/v2\/users\/1"}],"replies":[{"embeddable":true,"href":"https:\/\/alianzasur.org\/index.php\/wp-json\/wp\/v2\/comments?post=157"}],"version-history":[{"count":2,"href":"https:\/\/alianzasur.org\/index.php\/wp-json\/wp\/v2\/pages\/157\/revisions"}],"predecessor-version":[{"id":169,"href":"https:\/\/alianzasur.org\/index.php\/wp-json\/wp\/v2\/pages\/157\/revisions\/169"}],"wp:attachment":[{"href":"https:\/\/alianzasur.org\/index.php\/wp-json\/wp\/v2\/media?parent=157"}],"curies":[{"name":"wp","href":"https:\/\/api.w.org\/{rel}","templated":true}]}}