{"id":201,"date":"2022-12-20T18:30:36","date_gmt":"2022-12-20T18:30:36","guid":{"rendered":"https:\/\/alianzasur.org\/?page_id=201"},"modified":"2022-12-20T18:30:37","modified_gmt":"2022-12-20T18:30:37","slug":"area-cultural","status":"publish","type":"page","link":"https:\/\/alianzasur.org\/index.php\/area-cultural\/","title":{"rendered":"\u00c1rea Cultural."},"content":{"rendered":"\n<figure class=\"wp-block-image size-full\"><img loading=\"lazy\" decoding=\"async\" width=\"962\" height=\"108\" src=\"https:\/\/alianzasur.org\/wp-content\/uploads\/2022\/12\/proyectos-relevantes-3_1.png\" alt=\"\" class=\"wp-image-202\" srcset=\"https:\/\/alianzasur.org\/wp-content\/uploads\/2022\/12\/proyectos-relevantes-3_1.png 962w, https:\/\/alianzasur.org\/wp-content\/uploads\/2022\/12\/proyectos-relevantes-3_1-300x34.png 300w, https:\/\/alianzasur.org\/wp-content\/uploads\/2022\/12\/proyectos-relevantes-3_1-768x86.png 768w\" sizes=\"auto, (max-width: 962px) 100vw, 962px\" \/><\/figure>\n\n\n\n<p><strong>NUESTRA PRESTACION SE ENFOCA EN:<\/strong><\/p>\n\n\n\n<p><strong>><\/strong>\u00a0 Establecer procesos de gesti\u00f3n de la memoria cultural, implementando proyectos como vig\u00edas del patrimonio, bibliotecas y planes de lectura, archivo y documentaci\u00f3n, as\u00ed como tambi\u00e9n la organizaci\u00f3n de museos, centros culturales de diversa \u00edndole.<br><strong>><\/strong>\u00a0\u00a0Dise\u00f1ar y ejecutar proyectos, donde se desarrollen procesos de investigaci\u00f3n, creaci\u00f3n y promoci\u00f3n de las artes esc\u00e9nicas, visuales, audiovisuales, auditivas y otras no clasificables.<br><strong>>\u00a0<\/strong>\u00a0Asesorar y promover pol\u00edticas culturales, que garanticen la participaci\u00f3n de todos los actores sociales, estableciendo convenios con entidades p\u00fablicas y privadas.<\/p>\n\n\n\n<p><\/p>\n\n\n\n<h2 class=\"has-text-align-center wp-block-heading\"><mark style=\"background-color:rgba(0, 0, 0, 0)\" class=\"has-inline-color has-vivid-purple-color\">PROYECTOS RELEVANTES:<\/mark><\/h2>\n\n\n\n<hr class=\"wp-block-separator has-alpha-channel-opacity\"\/>\n\n\n\n<h2 class=\"wp-block-heading\"><strong><mark style=\"background-color:rgba(0, 0, 0, 0)\" class=\"has-inline-color has-vivid-cyan-blue-color\">CUBO DE LA MEMORIA<\/mark><\/strong>.<\/h2>\n\n\n\n<p><strong>OBJETO:\u00a0<\/strong>Implementar el cubo de la memoria, como una estrategia de sensibilizaci\u00f3n de las poblaciones de 13 municipios del Departamento de Boyac\u00e1, sobre la importancia de la memoria arraigada en los museos; esto mediante el establecimiento de un prototipo multimedia que recree la acci\u00f3n social de los distintos museos, generando una re- vitalizaci\u00f3n de estos con la comunidad.<br><strong>BENEFICIARIOS:\u00a0<\/strong>13 Municipios de Boyac\u00e1.<br><strong>COOPERANTES\u200b:<\/strong><br>*Alianza Sur, (Cooperante y ejecutivos y co-financiaci\u00f3n).<\/p>\n\n\n\n<figure class=\"wp-block-image size-full is-resized\"><img loading=\"lazy\" decoding=\"async\" src=\"https:\/\/alianzasur.org\/wp-content\/uploads\/2022\/12\/cubo-de-la-memoria_orig-edited.jpg\" alt=\"\" class=\"wp-image-204\" width=\"843\" height=\"527\" srcset=\"https:\/\/alianzasur.org\/wp-content\/uploads\/2022\/12\/cubo-de-la-memoria_orig-edited.jpg 712w, https:\/\/alianzasur.org\/wp-content\/uploads\/2022\/12\/cubo-de-la-memoria_orig-edited-300x188.jpg 300w, https:\/\/alianzasur.org\/wp-content\/uploads\/2022\/12\/cubo-de-la-memoria_orig-edited-605x377.jpg 605w\" sizes=\"auto, (max-width: 843px) 100vw, 843px\" \/><\/figure>\n\n\n\n<hr class=\"wp-block-separator has-alpha-channel-opacity\"\/>\n\n\n\n<h2 class=\"wp-block-heading\"><strong><mark style=\"background-color:rgba(0, 0, 0, 0)\" class=\"has-inline-color has-vivid-cyan-blue-color\">EXPOSICION 5-01<\/mark><\/strong><\/h2>\n\n\n\n<p><strong>OBJETO:\u00a0<\/strong>Promover estrategias de reflexi\u00f3n social por medio de la Exposici\u00f3n 5-01, que susciten la reflexi\u00f3n social asociada a la interpretaci\u00f3n de 52 pinturas de arte; haciendo participes a la comunidad de urbana y rural del municipio de Tunja.<br><strong>BENEFICIARIOS:<\/strong>\u00a08000\u00a0habitantes rurales &#8211; 1850 indirectos urbanos.<br><strong>COOPERANTES<\/strong><br>*Alcald\u00eda Mayor de Tunja \u2013 Secretaria Municipal de Cultura.<br>\u200b*Alianza Sur, (Cooperante y ejecutivos y co-financiaci\u00f3n).<br>*Tunja\u00a0<br>*Boyac\u00e1-Boyac\u00e1<br>*Saboya<br>*Pauna<br>*Maripi<br>*Otanche<br>*Cooperantes privadas.<\/p>\n\n\n\n<figure class=\"wp-block-embed is-type-video is-provider-youtube wp-block-embed-youtube wp-embed-aspect-16-9 wp-has-aspect-ratio\"><div class=\"wp-block-embed__wrapper\">\n<iframe loading=\"lazy\" title=\"Exposici\u00f3n 5-01 - Socializacion 2013\" width=\"500\" height=\"281\" src=\"https:\/\/www.youtube.com\/embed\/NaricbbEl84?feature=oembed\" frameborder=\"0\" allow=\"accelerometer; autoplay; clipboard-write; encrypted-media; gyroscope; picture-in-picture; web-share\" referrerpolicy=\"strict-origin-when-cross-origin\" allowfullscreen><\/iframe>\n<\/div><\/figure>\n","protected":false},"excerpt":{"rendered":"<p>NUESTRA PRESTACION SE ENFOCA EN: >\u00a0 Establecer procesos de gesti\u00f3n de la memoria cultural, implementando proyectos como vig\u00edas del patrimonio, bibliotecas y planes de lectura, archivo y documentaci\u00f3n, as\u00ed como tambi\u00e9n la organizaci\u00f3n de museos, centros culturales de diversa \u00edndole.>\u00a0\u00a0Dise\u00f1ar y ejecutar proyectos, donde se desarrollen procesos de investigaci\u00f3n, creaci\u00f3n y promoci\u00f3n de las artes [&hellip;]<\/p>\n","protected":false},"author":1,"featured_media":0,"parent":0,"menu_order":0,"comment_status":"closed","ping_status":"closed","template":"","meta":{"footnotes":""},"class_list":["post-201","page","type-page","status-publish","hentry"],"aioseo_notices":[],"_links":{"self":[{"href":"https:\/\/alianzasur.org\/index.php\/wp-json\/wp\/v2\/pages\/201","targetHints":{"allow":["GET"]}}],"collection":[{"href":"https:\/\/alianzasur.org\/index.php\/wp-json\/wp\/v2\/pages"}],"about":[{"href":"https:\/\/alianzasur.org\/index.php\/wp-json\/wp\/v2\/types\/page"}],"author":[{"embeddable":true,"href":"https:\/\/alianzasur.org\/index.php\/wp-json\/wp\/v2\/users\/1"}],"replies":[{"embeddable":true,"href":"https:\/\/alianzasur.org\/index.php\/wp-json\/wp\/v2\/comments?post=201"}],"version-history":[{"count":2,"href":"https:\/\/alianzasur.org\/index.php\/wp-json\/wp\/v2\/pages\/201\/revisions"}],"predecessor-version":[{"id":227,"href":"https:\/\/alianzasur.org\/index.php\/wp-json\/wp\/v2\/pages\/201\/revisions\/227"}],"wp:attachment":[{"href":"https:\/\/alianzasur.org\/index.php\/wp-json\/wp\/v2\/media?parent=201"}],"curies":[{"name":"wp","href":"https:\/\/api.w.org\/{rel}","templated":true}]}}