{"id":212,"date":"2022-12-20T23:00:50","date_gmt":"2022-12-20T23:00:50","guid":{"rendered":"https:\/\/alianzasur.org\/?page_id=212"},"modified":"2022-12-21T02:01:17","modified_gmt":"2022-12-21T02:01:17","slug":"areas-de-accion","status":"publish","type":"page","link":"https:\/\/alianzasur.org\/index.php\/areas-de-accion\/","title":{"rendered":"\u00c1reas de Acci\u00f3n."},"content":{"rendered":"\n<p>Somos una organizaci\u00f3n de profesionales de distintas \u00e1reas del conocimiento, que busca la<br>integraci\u00f3n regional y global de la sociedad, con la intenci\u00f3n de subsanar las distintas<br>necesidades de la sociedad, en pro de mejorar la calidad de vida de distintas poblaciones;<br>tenemos como premisa la integraci\u00f3n de los distintos actores sociales, como estrategia de gesti\u00f3n<br>del desarrollo humano en distintos campos de la sociedad.<\/p>\n\n\n\n<hr class=\"wp-block-separator has-alpha-channel-opacity\"\/>\n\n\n\n<figure class=\"wp-block-image size-full\"><a href=\"https:\/\/alianzasur.org\/index.php\/proyectos-sociales\/\"><img loading=\"lazy\" decoding=\"async\" width=\"992\" height=\"121\" src=\"https:\/\/alianzasur.org\/wp-content\/uploads\/2022\/12\/mision-a-social.jpg\" alt=\"\" class=\"wp-image-213\" srcset=\"https:\/\/alianzasur.org\/wp-content\/uploads\/2022\/12\/mision-a-social.jpg 992w, https:\/\/alianzasur.org\/wp-content\/uploads\/2022\/12\/mision-a-social-300x37.jpg 300w, https:\/\/alianzasur.org\/wp-content\/uploads\/2022\/12\/mision-a-social-768x94.jpg 768w\" sizes=\"auto, (max-width: 992px) 100vw, 992px\" \/><\/a><\/figure>\n\n\n\n<hr class=\"wp-block-separator has-alpha-channel-opacity\"\/>\n\n\n\n<figure class=\"wp-block-image size-full\"><a href=\"https:\/\/alianzasur.org\/index.php\/area-tecnica\/\"><img loading=\"lazy\" decoding=\"async\" width=\"980\" height=\"147\" src=\"https:\/\/alianzasur.org\/wp-content\/uploads\/2022\/12\/mision-a-tecnica.jpg\" alt=\"\" class=\"wp-image-214\" srcset=\"https:\/\/alianzasur.org\/wp-content\/uploads\/2022\/12\/mision-a-tecnica.jpg 980w, https:\/\/alianzasur.org\/wp-content\/uploads\/2022\/12\/mision-a-tecnica-300x45.jpg 300w, https:\/\/alianzasur.org\/wp-content\/uploads\/2022\/12\/mision-a-tecnica-768x115.jpg 768w\" sizes=\"auto, (max-width: 980px) 100vw, 980px\" \/><\/a><\/figure>\n\n\n\n<hr class=\"wp-block-separator has-alpha-channel-opacity\"\/>\n\n\n\n<figure class=\"wp-block-image size-full\"><a href=\"https:\/\/alianzasur.org\/index.php\/area-cultural\/\"><img loading=\"lazy\" decoding=\"async\" width=\"958\" height=\"124\" src=\"https:\/\/alianzasur.org\/wp-content\/uploads\/2022\/12\/mision-a-cultural.jpg\" alt=\"\" class=\"wp-image-215\" srcset=\"https:\/\/alianzasur.org\/wp-content\/uploads\/2022\/12\/mision-a-cultural.jpg 958w, https:\/\/alianzasur.org\/wp-content\/uploads\/2022\/12\/mision-a-cultural-300x39.jpg 300w, https:\/\/alianzasur.org\/wp-content\/uploads\/2022\/12\/mision-a-cultural-768x99.jpg 768w\" sizes=\"auto, (max-width: 958px) 100vw, 958px\" \/><\/a><\/figure>\n\n\n\n<hr class=\"wp-block-separator has-alpha-channel-opacity\"\/>\n\n\n\n<figure class=\"wp-block-image size-full\"><a href=\"https:\/\/alianzasur.org\/index.php\/area-pedagogica\/\"><img loading=\"lazy\" decoding=\"async\" width=\"961\" height=\"146\" src=\"https:\/\/alianzasur.org\/wp-content\/uploads\/2022\/12\/mision-a-pedagogica.jpg\" alt=\"\" class=\"wp-image-216\" srcset=\"https:\/\/alianzasur.org\/wp-content\/uploads\/2022\/12\/mision-a-pedagogica.jpg 961w, https:\/\/alianzasur.org\/wp-content\/uploads\/2022\/12\/mision-a-pedagogica-300x46.jpg 300w, https:\/\/alianzasur.org\/wp-content\/uploads\/2022\/12\/mision-a-pedagogica-768x117.jpg 768w\" sizes=\"auto, (max-width: 961px) 100vw, 961px\" \/><\/a><\/figure>\n\n\n\n<hr class=\"wp-block-separator has-alpha-channel-opacity\"\/>\n\n\n\n<figure class=\"wp-block-image size-full\"><a href=\"https:\/\/alianzasur.org\/index.php\/area-ambiental\/\"><img loading=\"lazy\" decoding=\"async\" width=\"967\" height=\"143\" src=\"https:\/\/alianzasur.org\/wp-content\/uploads\/2022\/12\/mision-a-ambiental.jpg\" alt=\"\" class=\"wp-image-217\" srcset=\"https:\/\/alianzasur.org\/wp-content\/uploads\/2022\/12\/mision-a-ambiental.jpg 967w, https:\/\/alianzasur.org\/wp-content\/uploads\/2022\/12\/mision-a-ambiental-300x44.jpg 300w, https:\/\/alianzasur.org\/wp-content\/uploads\/2022\/12\/mision-a-ambiental-768x114.jpg 768w\" sizes=\"auto, (max-width: 967px) 100vw, 967px\" \/><\/a><\/figure>\n\n\n\n<hr class=\"wp-block-separator has-alpha-channel-opacity\"\/>\n\n\n\n<figure class=\"wp-block-image size-full\"><a href=\"https:\/\/alianzasur.org\/index.php\/area-des-economico\/\"><img loading=\"lazy\" decoding=\"async\" width=\"973\" height=\"147\" src=\"https:\/\/alianzasur.org\/wp-content\/uploads\/2022\/12\/mision-a-economicol.jpg\" alt=\"\" class=\"wp-image-218\" srcset=\"https:\/\/alianzasur.org\/wp-content\/uploads\/2022\/12\/mision-a-economicol.jpg 973w, https:\/\/alianzasur.org\/wp-content\/uploads\/2022\/12\/mision-a-economicol-300x45.jpg 300w, https:\/\/alianzasur.org\/wp-content\/uploads\/2022\/12\/mision-a-economicol-768x116.jpg 768w\" sizes=\"auto, (max-width: 973px) 100vw, 973px\" \/><\/a><\/figure>\n\n\n\n<hr class=\"wp-block-separator has-alpha-channel-opacity\"\/>\n\n\n\n<figure class=\"wp-block-image size-full\"><a href=\"https:\/\/alianzasur.org\/index.php\/area-de-vivienda\/\"><img loading=\"lazy\" decoding=\"async\" width=\"992\" height=\"120\" src=\"https:\/\/alianzasur.org\/wp-content\/uploads\/2022\/12\/mision-a-vivienda.jpg\" alt=\"\" class=\"wp-image-219\" srcset=\"https:\/\/alianzasur.org\/wp-content\/uploads\/2022\/12\/mision-a-vivienda.jpg 992w, https:\/\/alianzasur.org\/wp-content\/uploads\/2022\/12\/mision-a-vivienda-300x36.jpg 300w, https:\/\/alianzasur.org\/wp-content\/uploads\/2022\/12\/mision-a-vivienda-768x93.jpg 768w\" sizes=\"auto, (max-width: 992px) 100vw, 992px\" \/><\/a><\/figure>\n","protected":false},"excerpt":{"rendered":"<p>Somos una organizaci\u00f3n de profesionales de distintas \u00e1reas del conocimiento, que busca laintegraci\u00f3n regional y global de la sociedad, con la intenci\u00f3n de subsanar las distintasnecesidades de la sociedad, en pro de mejorar la calidad de vida de distintas poblaciones;tenemos como premisa la integraci\u00f3n de los distintos actores sociales, como estrategia de gesti\u00f3ndel desarrollo humano [&hellip;]<\/p>\n","protected":false},"author":1,"featured_media":0,"parent":0,"menu_order":0,"comment_status":"closed","ping_status":"closed","template":"","meta":{"footnotes":""},"class_list":["post-212","page","type-page","status-publish","hentry"],"aioseo_notices":[],"_links":{"self":[{"href":"https:\/\/alianzasur.org\/index.php\/wp-json\/wp\/v2\/pages\/212","targetHints":{"allow":["GET"]}}],"collection":[{"href":"https:\/\/alianzasur.org\/index.php\/wp-json\/wp\/v2\/pages"}],"about":[{"href":"https:\/\/alianzasur.org\/index.php\/wp-json\/wp\/v2\/types\/page"}],"author":[{"embeddable":true,"href":"https:\/\/alianzasur.org\/index.php\/wp-json\/wp\/v2\/users\/1"}],"replies":[{"embeddable":true,"href":"https:\/\/alianzasur.org\/index.php\/wp-json\/wp\/v2\/comments?post=212"}],"version-history":[{"count":2,"href":"https:\/\/alianzasur.org\/index.php\/wp-json\/wp\/v2\/pages\/212\/revisions"}],"predecessor-version":[{"id":260,"href":"https:\/\/alianzasur.org\/index.php\/wp-json\/wp\/v2\/pages\/212\/revisions\/260"}],"wp:attachment":[{"href":"https:\/\/alianzasur.org\/index.php\/wp-json\/wp\/v2\/media?parent=212"}],"curies":[{"name":"wp","href":"https:\/\/api.w.org\/{rel}","templated":true}]}}