{"id":233,"date":"2022-12-20T23:33:37","date_gmt":"2022-12-20T23:33:37","guid":{"rendered":"https:\/\/alianzasur.org\/?page_id=233"},"modified":"2022-12-20T23:33:38","modified_gmt":"2022-12-20T23:33:38","slug":"area-tecnica","status":"publish","type":"page","link":"https:\/\/alianzasur.org\/index.php\/area-tecnica\/","title":{"rendered":"\u00c1rea T\u00e9cnica."},"content":{"rendered":"\n<figure class=\"wp-block-image size-large\"><img loading=\"lazy\" decoding=\"async\" width=\"1024\" height=\"133\" src=\"https:\/\/alianzasur.org\/wp-content\/uploads\/2022\/12\/tecnica-1024x133.jpg\" alt=\"\" class=\"wp-image-234\" srcset=\"https:\/\/alianzasur.org\/wp-content\/uploads\/2022\/12\/tecnica-1024x133.jpg 1024w, https:\/\/alianzasur.org\/wp-content\/uploads\/2022\/12\/tecnica-300x39.jpg 300w, https:\/\/alianzasur.org\/wp-content\/uploads\/2022\/12\/tecnica-768x100.jpg 768w, https:\/\/alianzasur.org\/wp-content\/uploads\/2022\/12\/tecnica.jpg 1075w\" sizes=\"auto, (max-width: 1024px) 100vw, 1024px\" \/><\/figure>\n\n\n\n<p><strong>NUESTRA PRESTACION SE ENFOCA EN:<\/strong><\/p>\n\n\n\n<p><strong>><\/strong>\u00a0 Ejecutar proyectos de car\u00e1cter t\u00e9cnico, en areas como: el urbanismo, la arquitectura, ingenieria y sus adherentes.<br><strong>\u200b><\/strong>\u00a0 Gestionar el desarrollo urbano, teniendo en cuenta las pol\u00edticas de Alianza p\u00fablico y privadas.<br><strong>><\/strong>\u00a0 Asesorar y acompa\u00f1ar las necesidades t\u00e9cnicas de infraestructura en sectores de la ciudad como: Cultura, Salud, Religi\u00f3n, Educaci\u00f3n, Comercio y Estados.<\/p>\n\n\n\n<p><\/p>\n\n\n\n<h2 class=\"has-text-align-center wp-block-heading\"><mark style=\"background-color:rgba(0, 0, 0, 0)\" class=\"has-inline-color has-vivid-purple-color\">PROYECTOS RELEVANTES:<\/mark><\/h2>\n\n\n\n<hr class=\"wp-block-separator has-alpha-channel-opacity\"\/>\n\n\n\n<h2 class=\"wp-block-heading\"><mark style=\"background-color:rgba(0, 0, 0, 0)\" class=\"has-inline-color has-vivid-cyan-blue-color\"><strong>CASA HOGAR PARA JOVENES Y NI\u00d1OS<\/strong>.<\/mark><\/h2>\n\n\n\n<p><strong>Objeto:\u00a0<\/strong>Dise\u00f1o y construcci\u00f3n de la casa Hogar para ni\u00f1os y adolescentes en vulneraci\u00f3n Psicosocial, en el centro Juvenil Emiliani Tunja.<br><strong>Valor:<\/strong>\u00a0 USD $ 456.230<br><strong>Cooperantes:<\/strong><br>*Orden de los Cl\u00e9rigos Regulares Somascos.<br>*Alianza Sur, (co-financiacion).<\/p>\n\n\n\n<figure class=\"wp-block-image size-full is-resized\"><img loading=\"lazy\" decoding=\"async\" src=\"https:\/\/alianzasur.org\/wp-content\/uploads\/2022\/12\/20130201-122123_3-1.jpg\" alt=\"\" class=\"wp-image-235\" width=\"685\" height=\"385\" srcset=\"https:\/\/alianzasur.org\/wp-content\/uploads\/2022\/12\/20130201-122123_3-1.jpg 443w, https:\/\/alianzasur.org\/wp-content\/uploads\/2022\/12\/20130201-122123_3-1-300x169.jpg 300w\" sizes=\"auto, (max-width: 685px) 100vw, 685px\" \/><\/figure>\n\n\n\n<p><\/p>\n\n\n\n<hr class=\"wp-block-separator has-alpha-channel-opacity\"\/>\n\n\n\n<h2 class=\"wp-block-heading\"><strong><mark style=\"background-color:rgba(0, 0, 0, 0)\" class=\"has-inline-color has-vivid-cyan-blue-color\">ESTUDIOS CENTRO SOCIAL Y CASA DE\u00a0CULTURA DE BOYACA &#8211; BOYACA<\/mark><\/strong><\/h2>\n\n\n\n<p><strong>OBJETO:\u00a0<\/strong>Aunar esfuerzos para adelantar estudios y dise\u00f1os para la adecuaci\u00f3n de las instalaciones de la casa de la cultura y construcci\u00f3n del centro social del municipio de Boyac\u00e1.<br>\u200bBENEFICIARIOS: 2500 habitantes del municipio de Boyac\u00e1-Boyac\u00e1.<br><strong>VALOR:<\/strong>\u00a0$ COL.40.000.000<br><strong>COOPERANTES:<\/strong><br>*Alcaldia Municipal de Boyac\u00e1-Boyac\u00e1.<br>*Alianza Sur, (Cooperante y ejecutivos y co-financiacion).<\/p>\n\n\n\n<figure class=\"wp-block-image size-full is-resized\"><img loading=\"lazy\" decoding=\"async\" src=\"https:\/\/alianzasur.org\/wp-content\/uploads\/2022\/12\/render2.jpg\" alt=\"\" class=\"wp-image-236\" width=\"575\" height=\"432\" srcset=\"https:\/\/alianzasur.org\/wp-content\/uploads\/2022\/12\/render2.jpg 394w, https:\/\/alianzasur.org\/wp-content\/uploads\/2022\/12\/render2-300x225.jpg 300w\" sizes=\"auto, (max-width: 575px) 100vw, 575px\" \/><\/figure>\n","protected":false},"excerpt":{"rendered":"<p>NUESTRA PRESTACION SE ENFOCA EN: >\u00a0 Ejecutar proyectos de car\u00e1cter t\u00e9cnico, en areas como: el urbanismo, la arquitectura, ingenieria y sus adherentes.\u200b>\u00a0 Gestionar el desarrollo urbano, teniendo en cuenta las pol\u00edticas de Alianza p\u00fablico y privadas.>\u00a0 Asesorar y acompa\u00f1ar las necesidades t\u00e9cnicas de infraestructura en sectores de la ciudad como: Cultura, Salud, Religi\u00f3n, Educaci\u00f3n, Comercio [&hellip;]<\/p>\n","protected":false},"author":1,"featured_media":0,"parent":0,"menu_order":0,"comment_status":"closed","ping_status":"closed","template":"","meta":{"footnotes":""},"class_list":["post-233","page","type-page","status-publish","hentry"],"aioseo_notices":[],"_links":{"self":[{"href":"https:\/\/alianzasur.org\/index.php\/wp-json\/wp\/v2\/pages\/233","targetHints":{"allow":["GET"]}}],"collection":[{"href":"https:\/\/alianzasur.org\/index.php\/wp-json\/wp\/v2\/pages"}],"about":[{"href":"https:\/\/alianzasur.org\/index.php\/wp-json\/wp\/v2\/types\/page"}],"author":[{"embeddable":true,"href":"https:\/\/alianzasur.org\/index.php\/wp-json\/wp\/v2\/users\/1"}],"replies":[{"embeddable":true,"href":"https:\/\/alianzasur.org\/index.php\/wp-json\/wp\/v2\/comments?post=233"}],"version-history":[{"count":1,"href":"https:\/\/alianzasur.org\/index.php\/wp-json\/wp\/v2\/pages\/233\/revisions"}],"predecessor-version":[{"id":237,"href":"https:\/\/alianzasur.org\/index.php\/wp-json\/wp\/v2\/pages\/233\/revisions\/237"}],"wp:attachment":[{"href":"https:\/\/alianzasur.org\/index.php\/wp-json\/wp\/v2\/media?parent=233"}],"curies":[{"name":"wp","href":"https:\/\/api.w.org\/{rel}","templated":true}]}}