{"id":238,"date":"2022-12-20T23:39:41","date_gmt":"2022-12-20T23:39:41","guid":{"rendered":"https:\/\/alianzasur.org\/?page_id=238"},"modified":"2022-12-20T23:39:41","modified_gmt":"2022-12-20T23:39:41","slug":"area-ambiental","status":"publish","type":"page","link":"https:\/\/alianzasur.org\/index.php\/area-ambiental\/","title":{"rendered":"\u00c1rea Ambiental."},"content":{"rendered":"\n<figure class=\"wp-block-image size-full\"><img loading=\"lazy\" decoding=\"async\" width=\"962\" height=\"89\" src=\"https:\/\/alianzasur.org\/wp-content\/uploads\/2022\/12\/ambiental.png\" alt=\"\" class=\"wp-image-240\" srcset=\"https:\/\/alianzasur.org\/wp-content\/uploads\/2022\/12\/ambiental.png 962w, https:\/\/alianzasur.org\/wp-content\/uploads\/2022\/12\/ambiental-300x28.png 300w, https:\/\/alianzasur.org\/wp-content\/uploads\/2022\/12\/ambiental-768x71.png 768w\" sizes=\"auto, (max-width: 962px) 100vw, 962px\" \/><\/figure>\n\n\n\n<h3 class=\"wp-block-heading\">\u200b<strong>NUESTRA PRESTACION SE ENFOCA EN:<\/strong><\/h3>\n\n\n\n<p><strong>><\/strong>\u00a0\u00a0Establecer procesos de gesti\u00f3n del territorio centrados en lo Urbano ambiental, generando proyectos de mejoramiento de infraestructura.\u00a0<br><strong>><\/strong>\u00a0\u00a0fomentar la flora y fauna con el fin de generar procesos de desarrollo sostenible del medio ambiente.<br><strong>><\/strong>\u00a0\u00a0Organizar y ejecutar acciones directas, teniendo en cuenta los cambios clim\u00e1ticos y contaminaci\u00f3n. Implementando estrategias tecnol\u00f3gicas reduciendo impactos negativos del medio ambiente.<\/p>\n\n\n\n<p><\/p>\n\n\n\n<h2 class=\"has-text-align-center wp-block-heading\"><mark style=\"background-color:rgba(0, 0, 0, 0)\" class=\"has-inline-color has-vivid-purple-color\">PROYECTOS RELEVANTES:<\/mark><\/h2>\n\n\n\n<hr class=\"wp-block-separator has-alpha-channel-opacity\"\/>\n\n\n\n<h2 class=\"wp-block-heading\"><strong><mark style=\"background-color:rgba(0, 0, 0, 0)\" class=\"has-inline-color has-vivid-cyan-blue-color\">PARQUE\u00a0ECOL\u00d3GICO EN ARCABUCO<\/mark><\/strong><\/h2>\n\n\n\n<p><strong>OBJETO:\u00a0<\/strong>Construir un parque ecol\u00f3gico, como estrategias de rescuperaci\u00f3n del paisaje ambiental, intervivniendo 1050 M2 de areas verdes anexas la villa olimpicas en el municipio de Arcabuco.<br><strong>BENEFICIARIOS:\u00a0<\/strong>5650 habitantes del municipio.<br>COOPERANTES:<br>* Alcaldia de Municipio de Arcabuco<br>\u200b*\u00a0Alianza Sur, (Cooperante y ejecutivos y co-financiaci\u00f3n).<\/p>\n\n\n\n<figure class=\"wp-block-image size-full is-resized\"><img loading=\"lazy\" decoding=\"async\" src=\"https:\/\/alianzasur.org\/wp-content\/uploads\/2022\/12\/04_3.jpg\" alt=\"\" class=\"wp-image-241\" width=\"616\" height=\"347\" srcset=\"https:\/\/alianzasur.org\/wp-content\/uploads\/2022\/12\/04_3.jpg 467w, https:\/\/alianzasur.org\/wp-content\/uploads\/2022\/12\/04_3-300x169.jpg 300w\" sizes=\"auto, (max-width: 616px) 100vw, 616px\" \/><\/figure>\n\n\n\n<p><\/p>\n\n\n\n<hr class=\"wp-block-separator has-alpha-channel-opacity\"\/>\n\n\n\n<h2 class=\"wp-block-heading\"><strong><mark style=\"background-color:rgba(0, 0, 0, 0)\" class=\"has-inline-color has-vivid-cyan-blue-color\">PARQUE\u00a0ECOL\u00d3GICO EN SORA.<\/mark><\/strong><\/h2>\n\n\n\n<p><strong>OBJETO:&nbsp;<\/strong>Construir un parque ecol\u00f3gico, como estrategia de recuperaci\u00f3n del paisaje ambiental, interviniendo 980 M2 de \u00e1reas verdes anexas a la casa de la cultura y la parroquia.<br><strong>BENEFICIARIOS:&nbsp;<\/strong>2916 habitantes del municipio.<br><strong>COOPERANTES:<\/strong><\/p>\n\n\n\n<ul class=\"wp-block-list\">\n<li>Alcald\u00eda Municipal de Sora.<\/li>\n\n\n\n<li>Alianza Sur. (cooperante t\u00e9cnico de estudios y dise\u00f1os).<\/li>\n<\/ul>\n\n\n\n<figure class=\"wp-block-image size-full is-resized\"><img loading=\"lazy\" decoding=\"async\" src=\"https:\/\/alianzasur.org\/wp-content\/uploads\/2022\/12\/06_2.jpg\" alt=\"\" class=\"wp-image-242\" width=\"612\" height=\"344\" srcset=\"https:\/\/alianzasur.org\/wp-content\/uploads\/2022\/12\/06_2.jpg 466w, https:\/\/alianzasur.org\/wp-content\/uploads\/2022\/12\/06_2-300x169.jpg 300w\" sizes=\"auto, (max-width: 612px) 100vw, 612px\" \/><\/figure>\n","protected":false},"excerpt":{"rendered":"<p>\u200bNUESTRA PRESTACION SE ENFOCA EN: >\u00a0\u00a0Establecer procesos de gesti\u00f3n del territorio centrados en lo Urbano ambiental, generando proyectos de mejoramiento de infraestructura.\u00a0>\u00a0\u00a0fomentar la flora y fauna con el fin de generar procesos de desarrollo sostenible del medio ambiente.>\u00a0\u00a0Organizar y ejecutar acciones directas, teniendo en cuenta los cambios clim\u00e1ticos y contaminaci\u00f3n. Implementando estrategias tecnol\u00f3gicas reduciendo impactos [&hellip;]<\/p>\n","protected":false},"author":1,"featured_media":0,"parent":0,"menu_order":0,"comment_status":"closed","ping_status":"closed","template":"","meta":{"footnotes":""},"class_list":["post-238","page","type-page","status-publish","hentry"],"aioseo_notices":[],"_links":{"self":[{"href":"https:\/\/alianzasur.org\/index.php\/wp-json\/wp\/v2\/pages\/238","targetHints":{"allow":["GET"]}}],"collection":[{"href":"https:\/\/alianzasur.org\/index.php\/wp-json\/wp\/v2\/pages"}],"about":[{"href":"https:\/\/alianzasur.org\/index.php\/wp-json\/wp\/v2\/types\/page"}],"author":[{"embeddable":true,"href":"https:\/\/alianzasur.org\/index.php\/wp-json\/wp\/v2\/users\/1"}],"replies":[{"embeddable":true,"href":"https:\/\/alianzasur.org\/index.php\/wp-json\/wp\/v2\/comments?post=238"}],"version-history":[{"count":1,"href":"https:\/\/alianzasur.org\/index.php\/wp-json\/wp\/v2\/pages\/238\/revisions"}],"predecessor-version":[{"id":243,"href":"https:\/\/alianzasur.org\/index.php\/wp-json\/wp\/v2\/pages\/238\/revisions\/243"}],"wp:attachment":[{"href":"https:\/\/alianzasur.org\/index.php\/wp-json\/wp\/v2\/media?parent=238"}],"curies":[{"name":"wp","href":"https:\/\/api.w.org\/{rel}","templated":true}]}}