{"id":24,"date":"2022-11-07T19:28:17","date_gmt":"2022-11-07T19:28:17","guid":{"rendered":"https:\/\/alianzasur.org\/?page_id=24"},"modified":"2022-12-20T18:30:56","modified_gmt":"2022-12-20T18:30:56","slug":"proyectos-sociales","status":"publish","type":"page","link":"https:\/\/alianzasur.org\/index.php\/proyectos-sociales\/","title":{"rendered":"\u00c1rea Social."},"content":{"rendered":"\n<figure class=\"wp-block-image size-full\"><img loading=\"lazy\" decoding=\"async\" width=\"960\" height=\"105\" src=\"https:\/\/alianzasur.org\/wp-content\/uploads\/2022\/12\/01-1_1.png\" alt=\"\" class=\"wp-image-196\" srcset=\"https:\/\/alianzasur.org\/wp-content\/uploads\/2022\/12\/01-1_1.png 960w, https:\/\/alianzasur.org\/wp-content\/uploads\/2022\/12\/01-1_1-300x33.png 300w, https:\/\/alianzasur.org\/wp-content\/uploads\/2022\/12\/01-1_1-768x84.png 768w\" sizes=\"auto, (max-width: 960px) 100vw, 960px\" \/><\/figure>\n\n\n\n<p><strong>Nuestra prestaci\u00f3n se enfoca en:<\/strong><\/p>\n\n\n\n<p><strong>>\u00a0<\/strong>Desarrollar y ejecutar proyectos que propendan por la consolidaci\u00f3n del tejido social colectivo.<br><strong>>\u00a0<\/strong>Elaborar y hacer seguimiento en las pol\u00edticas sociales, estableciendo estrategias para la generaci\u00f3n de empleo.<br><strong>><\/strong>\u00a0Gestionar y ejecutar proyectos en temas sociales: Violencia intrafamiliar, de genero, armada, delincuencia, atendiendo poblaciones como primera infancia, adulto mayor y discapacitados.<\/p>\n\n\n\n<p><\/p>\n\n\n\n<h2 class=\"has-text-align-center wp-block-heading\"><mark style=\"background-color:rgba(0, 0, 0, 0)\" class=\"has-inline-color has-vivid-purple-color\">PROYECTOS RELEVANTES: <\/mark><\/h2>\n\n\n\n<hr class=\"wp-block-separator has-alpha-channel-opacity\"\/>\n\n\n\n<h2 class=\"wp-block-heading\"><strong><mark style=\"background-color:rgba(0, 0, 0, 0)\" class=\"has-inline-color has-vivid-cyan-blue-color\">SONRISAS\u00a0 NAVIDE\u00d1AS<\/mark><\/strong>.<\/h2>\n\n\n\n<p><strong>OBJETO:\u00a0<\/strong>Propiciar espacios familiares entre los ni\u00f1os menores de 12 a\u00f1os, sus padres y allegados, en la \u00e9poca navide\u00f1a; mediante la entrega de regalos( juguetes y prendas de vestir) entre las distintas familias priorizadas 350 articulos donados.<br><strong>BENEFICIARIOS<\/strong>: 45 familias de nucleo extenso en la ciudad de Tunja\u00a0<br><strong>COOPERANTES:<\/strong><br>*\u00a0Amigos de Alianza Sur. Donantes de articulos.<br>*\u00a0Alianza Sur. ( cooperante ejecutivo)<\/p>\n\n\n\n<figure class=\"wp-block-gallery has-nested-images columns-default is-cropped wp-block-gallery-1 is-layout-flex wp-block-gallery-is-layout-flex\">\n<figure class=\"wp-block-image size-full\"><img loading=\"lazy\" decoding=\"async\" width=\"397\" height=\"298\" data-id=\"198\" src=\"https:\/\/alianzasur.org\/wp-content\/uploads\/2022\/12\/sam-1047_1-1.jpg\" alt=\"\" class=\"wp-image-198\" srcset=\"https:\/\/alianzasur.org\/wp-content\/uploads\/2022\/12\/sam-1047_1-1.jpg 397w, https:\/\/alianzasur.org\/wp-content\/uploads\/2022\/12\/sam-1047_1-1-300x225.jpg 300w\" sizes=\"auto, (max-width: 397px) 100vw, 397px\" \/><\/figure>\n<\/figure>\n\n\n\n<hr class=\"wp-block-separator has-alpha-channel-opacity\"\/>\n\n\n\n<h2 class=\"wp-block-heading\"><mark style=\"background-color:rgba(0, 0, 0, 0)\" class=\"has-inline-color has-vivid-cyan-blue-color\"><strong>HOGAR CANDIDO QUINTERO<\/strong><\/mark>.<\/h2>\n\n\n\n<p class=\"has-text-align-left\"><strong>OBJETO:\u00a0<\/strong>Levantamiento arquitectonico del Hogar Candido Quintero.<br><strong>BENEFICIARIOS:\u00a0<\/strong>150 Adultos Mayores con altos problemas de salud.<br><strong>COOPERANTES:\u00a0<\/strong><br>* Hermanitas de los Ancianos Desamparados<br>* Alianza Sur (Cooperante Ejecutivo y co-financiacion<\/p>\n\n\n\n<figure class=\"wp-block-image size-full is-resized\"><img loading=\"lazy\" decoding=\"async\" src=\"https:\/\/alianzasur.org\/wp-content\/uploads\/2022\/12\/sam-1613_1.jpg\" alt=\"\" class=\"wp-image-199\" width=\"255\" height=\"191\" srcset=\"https:\/\/alianzasur.org\/wp-content\/uploads\/2022\/12\/sam-1613_1.jpg 373w, https:\/\/alianzasur.org\/wp-content\/uploads\/2022\/12\/sam-1613_1-300x225.jpg 300w\" sizes=\"auto, (max-width: 255px) 100vw, 255px\" \/><\/figure>\n\n\n\n<hr class=\"wp-block-separator has-alpha-channel-opacity\"\/>\n\n\n\n<p><\/p>\n","protected":false},"excerpt":{"rendered":"<p>Nuestra prestaci\u00f3n se enfoca en: >\u00a0Desarrollar y ejecutar proyectos que propendan por la consolidaci\u00f3n del tejido social colectivo.>\u00a0Elaborar y hacer seguimiento en las pol\u00edticas sociales, estableciendo estrategias para la generaci\u00f3n de empleo.>\u00a0Gestionar y ejecutar proyectos en temas sociales: Violencia intrafamiliar, de genero, armada, delincuencia, atendiendo poblaciones como primera infancia, adulto mayor y discapacitados. PROYECTOS RELEVANTES: [&hellip;]<\/p>\n","protected":false},"author":1,"featured_media":0,"parent":0,"menu_order":0,"comment_status":"closed","ping_status":"closed","template":"","meta":{"footnotes":""},"class_list":["post-24","page","type-page","status-publish","hentry"],"aioseo_notices":[],"_links":{"self":[{"href":"https:\/\/alianzasur.org\/index.php\/wp-json\/wp\/v2\/pages\/24","targetHints":{"allow":["GET"]}}],"collection":[{"href":"https:\/\/alianzasur.org\/index.php\/wp-json\/wp\/v2\/pages"}],"about":[{"href":"https:\/\/alianzasur.org\/index.php\/wp-json\/wp\/v2\/types\/page"}],"author":[{"embeddable":true,"href":"https:\/\/alianzasur.org\/index.php\/wp-json\/wp\/v2\/users\/1"}],"replies":[{"embeddable":true,"href":"https:\/\/alianzasur.org\/index.php\/wp-json\/wp\/v2\/comments?post=24"}],"version-history":[{"count":3,"href":"https:\/\/alianzasur.org\/index.php\/wp-json\/wp\/v2\/pages\/24\/revisions"}],"predecessor-version":[{"id":206,"href":"https:\/\/alianzasur.org\/index.php\/wp-json\/wp\/v2\/pages\/24\/revisions\/206"}],"wp:attachment":[{"href":"https:\/\/alianzasur.org\/index.php\/wp-json\/wp\/v2\/media?parent=24"}],"curies":[{"name":"wp","href":"https:\/\/api.w.org\/{rel}","templated":true}]}}